{"id":129,"date":"2025-05-21T17:32:35","date_gmt":"2025-05-21T15:32:35","guid":{"rendered":"https:\/\/inesmokadempro.wordpress.com\/?page_id=129"},"modified":"2025-05-21T17:32:35","modified_gmt":"2025-05-21T15:32:35","slug":"coaching-prive","status":"publish","type":"page","link":"https:\/\/www.inesm-coachinglyon.fr\/?page_id=129","title":{"rendered":"Coaching priv\u00e9"},"content":{"rendered":"\n<h2 class=\"wp-block-heading has-text-color has-link-color wp-elements-6a63a9626035111194c482d47ff3ac0e\" style=\"color:#000026\"><strong>coaching 100 % sur mesure<\/strong><\/h2>\n\n\n\n<p>Le coaching priv\u00e9 permet de <strong>travailler plus en profondeur \u00e0 chaque s\u00e9ance<\/strong>, afin de <strong>garder la motivation<\/strong> et de <strong>voir les r\u00e9sultats plus rapidement<\/strong>.<br>Mon objectif est de <strong>vous aider \u00e0 passer des barri\u00e8res que vous n\u2019auriez pas franchies seul<\/strong> pour <strong>atteindre vos objectifs dans les meilleures conditions<\/strong>, gr\u00e2ce \u00e0 <strong>mon expertise<\/strong> et un accompagnement sur-mesure.<\/p>\n\n\n\n<p>Avant m\u00eame de d\u00e9buter nos s\u00e9ance nous programmons un rendez-vous t\u00e9l\u00e9phonique afin de faire le point sur vos objectifs, ant\u00e9c\u00e9dent m\u00e9dicaux et sportif, et de se pr\u00e9senter. Car le coaching n&rsquo;est pas seulement une prestation mais une collaboration au service de votre r\u00e9ussite.<\/p>\n\n\n\n<hr class=\"wp-block-separator has-alpha-channel-opacity\" \/>\n\n\n\n<h3 class=\"wp-block-heading has-text-color has-link-color wp-elements-def3e0d94c2150f1df875a7d4eb0653e\" style=\"color:#000026\"><strong>Th\u00e8mes que l\u2019on peut travailler ensemble :<\/strong><\/h3>\n\n\n\n<p>\u2022 R\u00e9athl\u00e9tisation apr\u00e8s blessure<br>\u2022 Renforcement postural et musculaire<br>\u2022 Remise en forme ou reprise progressive<br>\u2022 Pr\u00e9paration physique sp\u00e9cifique<br>\u2022 Travail de force, puissance,mobilit\u00e9<br>\u2022 Etc&#8230;<br>\u2192 <strong>Chaque s\u00e9ance est construite pour vous<\/strong>, selon votre rythme, vos besoins et vos contraintes.<\/p>\n\n\n\n<hr class=\"wp-block-separator has-alpha-channel-opacity\" \/>\n\n\n\n<h3 class=\"wp-block-heading has-text-color has-link-color wp-elements-a0e8e5d0ef280c8f14deb538c3b5dc81\" style=\"color:#000026\"><strong>Tarifs coaching personnalis\u00e9 :<\/strong><\/h3>\n\n\n\n<p>A la s\u00e9ance :<br>\u2022 <strong>1 s\u00e9ance \/ semaine<\/strong> \u2192 60\u20ac<br>\u2022 <strong>2 s\u00e9ances \/ semaine<\/strong> \u2192 55\u20ac <br>\u2022 <strong>3 s\u00e9ances \/ semaine<\/strong> \u2192 50\u20ac<\/p>\n\n\n\n<p class=\"has-small-font-size\" style=\"font-style:italic;font-weight:600\">-10% pour les \u00e9tudiants<\/p>\n\n\n\n<div class=\"wp-block-buttons is-layout-flex wp-block-buttons-is-layout-flex\">\n<div class=\"wp-block-button\"><a class=\"wp-block-button__link has-theme-1-color has-text-color has-background has-link-color wp-element-button\" href=\"https:\/\/calendly.com\/inesmokadempro\/coachingpersonalise\" style=\"border-style:none;border-width:0px;border-radius:100px;background-color:#000026\">prendre rendez-vous<\/a><\/div>\n<\/div>\n","protected":false},"excerpt":{"rendered":"<p>coaching 100 % sur mesure Le coaching priv\u00e9 permet de travailler plus en profondeur \u00e0 chaque s\u00e9ance, afin de garder la motivation et de voir les r\u00e9sultats plus rapidement.Mon objectif est de vous aider \u00e0 passer des barri\u00e8res que vous n\u2019auriez pas franchies seul pour atteindre vos objectifs dans les meilleures conditions, gr\u00e2ce \u00e0 mon [&hellip;]<\/p>\n","protected":false},"author":1,"featured_media":0,"parent":0,"menu_order":0,"comment_status":"closed","ping_status":"closed","template":"","meta":{"footnotes":""},"class_list":["post-129","page","type-page","status-publish","hentry"],"_links":{"self":[{"href":"https:\/\/www.inesm-coachinglyon.fr\/index.php?rest_route=\/wp\/v2\/pages\/129","targetHints":{"allow":["GET"]}}],"collection":[{"href":"https:\/\/www.inesm-coachinglyon.fr\/index.php?rest_route=\/wp\/v2\/pages"}],"about":[{"href":"https:\/\/www.inesm-coachinglyon.fr\/index.php?rest_route=\/wp\/v2\/types\/page"}],"author":[{"embeddable":true,"href":"https:\/\/www.inesm-coachinglyon.fr\/index.php?rest_route=\/wp\/v2\/users\/1"}],"replies":[{"embeddable":true,"href":"https:\/\/www.inesm-coachinglyon.fr\/index.php?rest_route=%2Fwp%2Fv2%2Fcomments&post=129"}],"version-history":[{"count":0,"href":"https:\/\/www.inesm-coachinglyon.fr\/index.php?rest_route=\/wp\/v2\/pages\/129\/revisions"}],"wp:attachment":[{"href":"https:\/\/www.inesm-coachinglyon.fr\/index.php?rest_route=%2Fwp%2Fv2%2Fmedia&parent=129"}],"curies":[{"name":"wp","href":"https:\/\/api.w.org\/{rel}","templated":true}]}}