{"id":271,"date":"2025-05-19T06:58:52","date_gmt":"2025-05-19T06:58:52","guid":{"rendered":"http:\/\/inesmokadempro.wordpress.com\/?page_id=1"},"modified":"2025-05-19T06:58:52","modified_gmt":"2025-05-19T06:58:52","slug":"about","status":"publish","type":"page","link":"https:\/\/www.inesm-coachinglyon.fr\/?page_id=271","title":{"rendered":"Qui suis-je ?"},"content":{"rendered":"\n<div class=\"wp-block-group has-global-padding is-layout-constrained wp-block-group-is-layout-constrained\">\n<h3 class=\"wp-block-heading has-text-color has-link-color wp-elements-8fe5c8430678f044167f6d3199776d2f\" style=\"color:#000026;font-style:normal;font-weight:600\">Une passion n\u00e9e du mouvement<\/h3>\n\n\n\n<p>Depuis mon enfance, le sport a fait partie de mon quotidien. <br>J\u2019ai pratiqu\u00e9 de nombreuses disciplines \u2013 judo, badminton, danse, sports collectifs \u2013 avant de me passionner pour les <strong>sports de combat<\/strong>.<br>En 2014, j\u2019ai commenc\u00e9 par le taekwondo, encha\u00een\u00e9 avec le pancrace (une forme d\u00e9riv\u00e9e du MMA), puis la boxe anglaise.<\/p>\n\n\n\n<div class=\"wp-block-columns is-layout-flex wp-container-core-columns-is-layout-28f84493 wp-block-columns-is-layout-flex\">\n<div class=\"wp-block-column is-vertically-aligned-center is-layout-flow wp-block-column-is-layout-flow\">\n<figure class=\"wp-block-image size-large\"><img decoding=\"async\" src=\"https:\/\/www.inesm-coachinglyon.fr\/wp-content\/uploads\/2025\/05\/mg_8068-edited.jpg?w=767\" alt=\"\" class=\"wp-image-36\" style=\"aspect-ratio:0.7499999815417879\" \/><\/figure>\n<\/div>\n\n\n\n<div class=\"wp-block-column is-layout-flow wp-block-column-is-layout-flow\">\n<p>En 2016, j\u2019ai int\u00e9gr\u00e9 la musculation \u00e0 ma pratique, avec un objectif clair : <strong>am\u00e9liorer mes performances<\/strong>. Mais comme tout parcours sportif, le mien a aussi \u00e9t\u00e9 marqu\u00e9 par des blessures. C\u2019est ce qui m\u2019a pouss\u00e9e \u00e0 me former \u00e0 la <strong>pr\u00e9vention et l\u2019adaptation du mouvement<\/strong>, pour continuer \u00e0 progresser malgr\u00e9 les obstacles.<\/p>\n\n\n\n<p>Ce chemin m\u2019a permis de r\u00e9aliser \u00e0 quel point notre <strong>corps est une richesse pr\u00e9cieuse<\/strong>. Il s\u2019adapte, compense, encaisse, qu\u2019il s\u2019agisse de blessures physiques ou de tensions mentales. Il est notre meilleur outil, et il m\u00e9rite qu\u2019on le comprenne et qu\u2019on en prenne soin.<\/p>\n<\/div>\n<\/div>\n<\/div>\n\n\n\n<div class=\"wp-block-group has-global-padding is-layout-constrained wp-block-group-is-layout-constrained\" style=\"margin-top:var(--wp--preset--spacing--30);margin-bottom:var(--wp--preset--spacing--30)\">\n<h3 class=\"wp-block-heading has-text-color has-link-color wp-elements-286ed58aaee35b9c2928dd7ea2b06aaa\" style=\"color:#000026;font-style:normal;font-weight:600\">Pr\u00e9paration physique, pr\u00e9vention et accompagnement global<\/h3>\n\n\n\n<p>Avec mes ann\u00e9es d&rsquo;exp\u00e9rience dans le domaine sportif, j\u2019ai d\u00e9velopp\u00e9 une approche bas\u00e9e sur la <strong>pr\u00e9paration physique compl\u00e8te,<\/strong> la <strong>r\u00e9athl\u00e9tisation<\/strong> et la <strong>pr\u00e9vention des blessures<\/strong>.<\/p>\n\n\n\n<div class=\"wp-block-columns is-layout-flex wp-container-core-columns-is-layout-28f84493 wp-block-columns-is-layout-flex\">\n<div class=\"wp-block-column is-vertically-aligned-center is-layout-flow wp-block-column-is-layout-flow\" style=\"flex-basis:50%\">\n<figure class=\"wp-block-image size-large\"><img loading=\"lazy\" decoding=\"async\" width=\"835\" height=\"1253\" src=\"https:\/\/www.inesm-coachinglyon.fr\/wp-content\/uploads\/2025\/05\/pexels-photo-16966329-edited-1.jpeg\" alt=\"\" class=\"wp-image-71\" srcset=\"https:\/\/www.inesm-coachinglyon.fr\/wp-content\/uploads\/2025\/05\/pexels-photo-16966329-edited-1.jpeg 835w, https:\/\/www.inesm-coachinglyon.fr\/wp-content\/uploads\/2025\/05\/pexels-photo-16966329-edited-1-200x300.jpeg 200w, https:\/\/www.inesm-coachinglyon.fr\/wp-content\/uploads\/2025\/05\/pexels-photo-16966329-edited-1-682x1024.jpeg 682w, https:\/\/www.inesm-coachinglyon.fr\/wp-content\/uploads\/2025\/05\/pexels-photo-16966329-edited-1-768x1152.jpeg 768w\" sizes=\"auto, (max-width: 835px) 100vw, 835px\" \/><\/figure>\n<\/div>\n\n\n\n<div class=\"wp-block-column is-vertically-aligned-center is-layout-flow wp-block-column-is-layout-flow\" style=\"flex-basis:50%\">\n<p>Je me forme continuellement aux m\u00e9thodes les plus efficaces pour r\u00e9pondre aux besoins sp\u00e9cifiques de chaque personne.<br><br><strong>Form\u00e9 au BF1 en halt\u00e9rophilie<\/strong> et toujours \u00e0 jour sur les approches comme le <strong>Pilates<\/strong>, je combine ces savoirs \u00e0 mon exp\u00e9rience en <strong>sports de combat<\/strong>. Cela me permet d\u2019int\u00e9grer des exercices qui d\u00e9veloppent la <strong>conscience corporelle<\/strong>, am\u00e9liorent la <strong>coordination<\/strong> et renforcent la <strong>posture<\/strong> ; des atouts essentiels pour progresser.<\/p>\n<\/div>\n<\/div>\n<\/div>\n\n\n\n<p>Et comme un bon suivi ne se fait jamais seul, je travaille <strong>en \u00e9troite collaboration avec des kin\u00e9sith\u00e9rapeutes<\/strong>, ainsi qu\u2019avec d\u2019autres professionnels de sant\u00e9 : hypnoth\u00e9rapeute, ost\u00e9opathes, di\u00e9t\u00e9ticiennes, m\u00e9decins du sport\u2026<br>Ce travail d\u2019\u00e9quipe me permet de vous proposer un <strong>accompagnement global, pr\u00e9cis et s\u00e9curisant<\/strong>.<\/p>\n\n\n\n<div class=\"wp-block-group has-global-padding is-layout-constrained wp-block-group-is-layout-constrained\" style=\"margin-top:var(--wp--preset--spacing--30);margin-bottom:var(--wp--preset--spacing--30)\">\n<h3 class=\"wp-block-heading has-text-color has-link-color wp-elements-aaa07d4feb76d45b48e053ed95e088b6\" style=\"color:#000026;font-style:normal;font-weight:600\">Un suivi 100 % personnalis\u00e9<\/h3>\n\n\n\n<p>Chaque accompagnement d\u00e9bute par un <strong>bilan complet<\/strong> : analyse de la mobilit\u00e9, de la force, de la souplesse, de l\u2019endurance, mais aussi de vos ant\u00e9c\u00e9dents m\u00e9dicaux et sportifs.<\/p>\n\n\n\n<p>L\u2019objectif ? Construire un programme <strong>adapt\u00e9 \u00e0 votre corps, vos contraintes et vos objectifs<\/strong>, pour faire de chaque s\u00e9ance un vrai levier de progression, durable et intelligent.<\/p>\n<\/div>\n\n\n\n<div class=\"wp-block-group has-global-padding is-layout-constrained wp-block-group-is-layout-constrained\" style=\"margin-top:var(--wp--preset--spacing--20);margin-bottom:var(--wp--preset--spacing--20)\">\n<h3 class=\"wp-block-heading has-text-color has-link-color wp-elements-45034627d9d75fdfbf433b0a3e1fecb9\" style=\"color:#000026;font-style:normal;font-weight:600\">En choisissant mon accompagnement\u2026<\/h3>\n\n\n\n<p>Vous faites le choix d\u2019un <strong>suivi professionnel, individualis\u00e9, motivant et respectueux de votre corps<\/strong>.<br>Un suivi pens\u00e9 pour performer, progresser, pr\u00e9venir\u2026 et surtout durer !<\/p>\n<\/div>\n\n\n\n<div class=\"wp-block-buttons is-content-justification-center is-layout-flex wp-container-core-buttons-is-layout-a89b3969 wp-block-buttons-is-layout-flex\">\n<div class=\"wp-block-button\"><a class=\"wp-block-button__link has-background wp-element-button\" href=\"https:\/\/inesmokadempro.wordpress.com\/coaching-prive\/\" style=\"background-color:#000026\">Coachings<\/a><\/div>\n\n\n\n<div class=\"wp-block-button\"><a class=\"wp-block-button__link has-background wp-element-button\" href=\"https:\/\/inesmokadempro.wordpress.com\/programme-sur-mesure\/\" style=\"background-color:#000026\">programmes<\/a><\/div>\n<\/div>\n","protected":false},"excerpt":{"rendered":"<p>Une passion n\u00e9e du mouvement Depuis mon enfance, le sport a fait partie de mon quotidien. J\u2019ai pratiqu\u00e9 de nombreuses disciplines \u2013 judo, badminton, danse, sports collectifs \u2013 avant de me passionner pour les sports de combat.En 2014, j\u2019ai commenc\u00e9 par le taekwondo, encha\u00een\u00e9 avec le pancrace (une forme d\u00e9riv\u00e9e du MMA), puis la boxe [&hellip;]<\/p>\n","protected":false},"author":1,"featured_media":0,"parent":0,"menu_order":0,"comment_status":"closed","ping_status":"open","template":"","meta":{"footnotes":""},"class_list":["post-271","page","type-page","status-publish","hentry"],"_links":{"self":[{"href":"https:\/\/www.inesm-coachinglyon.fr\/index.php?rest_route=\/wp\/v2\/pages\/271","targetHints":{"allow":["GET"]}}],"collection":[{"href":"https:\/\/www.inesm-coachinglyon.fr\/index.php?rest_route=\/wp\/v2\/pages"}],"about":[{"href":"https:\/\/www.inesm-coachinglyon.fr\/index.php?rest_route=\/wp\/v2\/types\/page"}],"author":[{"embeddable":true,"href":"https:\/\/www.inesm-coachinglyon.fr\/index.php?rest_route=\/wp\/v2\/users\/1"}],"replies":[{"embeddable":true,"href":"https:\/\/www.inesm-coachinglyon.fr\/index.php?rest_route=%2Fwp%2Fv2%2Fcomments&post=271"}],"version-history":[{"count":0,"href":"https:\/\/www.inesm-coachinglyon.fr\/index.php?rest_route=\/wp\/v2\/pages\/271\/revisions"}],"wp:attachment":[{"href":"https:\/\/www.inesm-coachinglyon.fr\/index.php?rest_route=%2Fwp%2Fv2%2Fmedia&parent=271"}],"curies":[{"name":"wp","href":"https:\/\/api.w.org\/{rel}","templated":true}]}}