{"id":43,"date":"2025-05-20T00:15:17","date_gmt":"2025-05-19T22:15:17","guid":{"rendered":"https:\/\/inesmokadempro.wordpress.com\/?page_id=43"},"modified":"2025-05-20T00:15:17","modified_gmt":"2025-05-19T22:15:17","slug":"cours-collectifs","status":"publish","type":"page","link":"https:\/\/www.inesm-coachinglyon.fr\/?page_id=43","title":{"rendered":"Cours Collectifs"},"content":{"rendered":"\n<h3 class=\"wp-block-heading has-text-color has-link-color has-chivo-font-family wp-elements-15977dcc7a41231b4856c872512ba381\" style=\"color:#000026;font-style:normal;font-weight:600\">Bouger avec sens, progresser avec plaisir<\/h3>\n\n\n\n<p>Avec plus de 12 ans d\u2019exp\u00e9rience dans le sport, j\u2019ai con\u00e7u des <strong>cours collectifs en petit groupe<\/strong> qui allient <strong>performance, conscience du corps et plaisir de bouger<\/strong>.<br>Chaque s\u00e9ance est adapt\u00e9e au niveau, objectif et rythme de chacun. <\/p>\n\n\n\n<p>L\u2019id\u00e9e : faire progresser et aider \u00e0 se sentir plus fort, plus stable confiant dans son corps.<\/p>\n\n\n\n<hr class=\"wp-block-separator has-alpha-channel-opacity\" \/>\n\n\n\n<h4 class=\"wp-block-heading has-text-color has-link-color has-chivo-font-family has-large-font-size wp-elements-d572638f4f088ac6db71f128c47c2d92\" style=\"color:#000026;font-style:normal;font-weight:600\">PILATES<\/h4>\n\n\n\n<div class=\"wp-block-columns is-layout-flex wp-container-core-columns-is-layout-28f84493 wp-block-columns-is-layout-flex\">\n<div class=\"wp-block-column is-layout-flow wp-block-column-is-layout-flow\" style=\"flex-basis:50%\">\n<figure class=\"wp-block-image size-full is-resized\"><img loading=\"lazy\" decoding=\"async\" width=\"940\" height=\"1253\" src=\"https:\/\/www.inesm-coachinglyon.fr\/wp-content\/uploads\/2025\/05\/pexels-photo-25596886-edited.jpeg\" alt=\"\" class=\"wp-image-112\" style=\"aspect-ratio:0.7502031153220612;width:227px;height:auto\" srcset=\"https:\/\/www.inesm-coachinglyon.fr\/wp-content\/uploads\/2025\/05\/pexels-photo-25596886-edited.jpeg 940w, https:\/\/www.inesm-coachinglyon.fr\/wp-content\/uploads\/2025\/05\/pexels-photo-25596886-edited-225x300.jpeg 225w, https:\/\/www.inesm-coachinglyon.fr\/wp-content\/uploads\/2025\/05\/pexels-photo-25596886-edited-768x1024.jpeg 768w\" sizes=\"auto, (max-width: 940px) 100vw, 940px\" \/><\/figure>\n<\/div>\n\n\n\n<div class=\"wp-block-column is-vertically-aligned-center is-layout-flow wp-block-column-is-layout-flow\" style=\"flex-basis:80%\">\n<p>Un travail en profondeur sur la posture, la respiration et la mobilit\u00e9. <\/p>\n\n\n\n<p>Parfait pour renforcer les muscles stabilisateurs, am\u00e9liorer le gainage du corps et pr\u00e9venir les douleurs, dans une ambiance calme et concentr\u00e9e.<\/p>\n\n\n\n<p style=\"font-style:normal;font-weight:600\"><strong><em>Tous les lundis \u00e0 9h30<\/em><\/strong><br>15<sup>\u20ac\/s\u00e9ance<\/sup> <\/p>\n\n\n\n<div class=\"wp-block-buttons is-layout-flex wp-block-buttons-is-layout-flex\">\n<div class=\"wp-block-button\"><a class=\"wp-block-button__link has-background wp-element-button\" href=\"https:\/\/inesmokadempro.wordpress.com\/contact\/\" style=\"border-style:none;border-width:0px;border-radius:66px;background-color:#000226\">Je m&rsquo;inscris<\/a><\/div>\n<\/div>\n<\/div>\n<\/div>\n\n\n\n<hr class=\"wp-block-separator has-alpha-channel-opacity\" \/>\n\n\n\n<h4 class=\"wp-block-heading has-text-color has-link-color has-chivo-font-family has-large-font-size wp-elements-8f69960c6ee9ecc336e831067b89489e\" style=\"color:#000026;font-style:normal;font-weight:600\">CROSS BOXING<\/h4>\n\n\n\n<div class=\"wp-block-columns is-layout-flex wp-container-core-columns-is-layout-28f84493 wp-block-columns-is-layout-flex\">\n<div class=\"wp-block-column is-layout-flow wp-block-column-is-layout-flow\" style=\"flex-basis:50%\">\n<div class=\"wp-block-group is-nowrap is-layout-flex wp-container-core-group-is-layout-6c531013 wp-block-group-is-layout-flex\">\n<figure class=\"wp-block-image size-large\"><img decoding=\"async\" src=\"https:\/\/www.inesm-coachinglyon.fr\/wp-content\/uploads\/2025\/05\/pexels-anastasia-shuraeva-4944440-edited.jpg\" alt=\"\" class=\"wp-image-114\" \/><\/figure>\n<\/div>\n<\/div>\n\n\n\n<div class=\"wp-block-column is-vertically-aligned-center is-layout-flow wp-block-column-is-layout-flow\" style=\"flex-basis:80%\">\n<p>Un mix de renforcement musculaire et de mouvements de boxe. <br>Accessible \u00e0 tous, ce cours am\u00e9liore coordination, cardio et renforcement.<\/p>\n\n\n\n<p>L\u2019id\u00e9al pour se d\u00e9fouler tout en progressant physiquement.<\/p>\n\n\n\n<p style=\"font-style:normal;font-weight:600\"><strong><em>Tous les mardi \u00e0 19h00<\/em><\/strong><\/p>\n\n\n\n<div class=\"wp-block-buttons is-layout-flex wp-block-buttons-is-layout-flex\">\n<div class=\"wp-block-button\"><a class=\"wp-block-button__link has-background wp-element-button\" href=\"https:\/\/inesmokadempro.wordpress.com\/contact\/\" style=\"border-style:none;border-width:0px;border-radius:66px;background-color:#000226\">Je m&rsquo;inscris<\/a><\/div>\n<\/div>\n<\/div>\n<\/div>\n\n\n\n<hr class=\"wp-block-separator has-alpha-channel-opacity\" \/>\n\n\n\n<h4 class=\"wp-block-heading has-text-color has-link-color has-chivo-font-family has-large-font-size wp-elements-99c621dfb8cbf9494029cb0386b63283\" style=\"color:#000026;font-style:normal;font-weight:600\">ATELIERS HYPNOSE &amp; BOXE<\/h4>\n\n\n\n<p class=\"has-text-align-center\">Deux temps forts compl\u00e9mentaires, encha\u00een\u00e9s pour un impact maximal.<\/p>\n\n\n\n<div class=\"wp-block-columns are-vertically-aligned-center is-layout-flex wp-container-core-columns-is-layout-28f84493 wp-block-columns-is-layout-flex\">\n<div class=\"wp-block-column is-vertically-aligned-center is-layout-flow wp-block-column-is-layout-flow\" style=\"flex-basis:44.45%\">\n<div class=\"wp-block-group has-global-padding is-layout-constrained wp-block-group-is-layout-constrained\">\n<figure class=\"wp-block-image alignwide size-large\"><img loading=\"lazy\" decoding=\"async\" width=\"1626\" height=\"2169\" src=\"https:\/\/www.inesm-coachinglyon.fr\/wp-content\/uploads\/2025\/05\/pexels-cottonbro-4753889-edited.jpg\" alt=\"\" class=\"wp-image-118\" srcset=\"https:\/\/www.inesm-coachinglyon.fr\/wp-content\/uploads\/2025\/05\/pexels-cottonbro-4753889-edited.jpg 1626w, https:\/\/www.inesm-coachinglyon.fr\/wp-content\/uploads\/2025\/05\/pexels-cottonbro-4753889-edited-225x300.jpg 225w, https:\/\/www.inesm-coachinglyon.fr\/wp-content\/uploads\/2025\/05\/pexels-cottonbro-4753889-edited-768x1024.jpg 768w, https:\/\/www.inesm-coachinglyon.fr\/wp-content\/uploads\/2025\/05\/pexels-cottonbro-4753889-edited-1151x1536.jpg 1151w, https:\/\/www.inesm-coachinglyon.fr\/wp-content\/uploads\/2025\/05\/pexels-cottonbro-4753889-edited-1535x2048.jpg 1535w\" sizes=\"auto, (max-width: 1626px) 100vw, 1626px\" \/><\/figure>\n\n\n\n<figure class=\"wp-block-image alignwide size-large\"><img decoding=\"async\" src=\"https:\/\/www.inesm-coachinglyon.fr\/wp-content\/uploads\/2025\/05\/pexels-cottonbro-4325439.jpg?w=683\" alt=\"\" class=\"wp-image-115\" \/><\/figure>\n<\/div>\n<\/div>\n\n\n\n<div class=\"wp-block-column is-vertically-aligned-center is-layout-flow wp-block-column-is-layout-flow\" style=\"flex-basis:85%\">\n<p style=\"padding-top:0;padding-bottom:0\">La premi\u00e8re partie est structur\u00e9e autour des techniques de boxe. Elle permet de retrouver stabilit\u00e9, ancrage, pr\u00e9sence et perception dans votre espace. On r\u00e9active les appuis, le gainage et la respiration du corps, tout en d\u00e9veloppant la conscience du mouvement.<\/p>\n\n\n\n<p>La seconde partie est structur\u00e9e autour d&rsquo;exercices concrets et d&rsquo;explications claires pour d\u00e9couvrir comment l\u2019hypnose prolonge les b\u00e9n\u00e9fices travaill\u00e9s en boxe\u202f: apaisement du syst\u00e8me nerveux, am\u00e9lioration de la respiration et reconnexion aux sensations corporelles.<\/p>\n\n\n\n<p>L\u2019encha\u00eenement de ces deux ateliers cr\u00e9e une synergie neurophysiologique puissante\u202f: les hormones du stress sont r\u00e9gul\u00e9es, la posture se r\u00e9ajuste, la concentration s\u2019aiguise. <strong>On sort de la s\u00e9ance recentr\u00e9, ancr\u00e9, et mentalement\u00a0all\u00e9g\u00e9.<\/strong><\/p>\n\n\n\n<div class=\"wp-block-buttons is-layout-flex wp-block-buttons-is-layout-flex\">\n<div class=\"wp-block-button\"><a class=\"wp-block-button__link has-background wp-element-button\" style=\"border-style:none;border-width:0px;border-radius:66px;background-color:#000226\">conna\u00eetre les dates<\/a><\/div>\n<\/div>\n<\/div>\n<\/div>\n\n\n\n<p class=\"has-custom-1-font-size\"><em>Collaboration avec Nilg\u00fcn Zor, sp\u00e9cialiste en hypnose et praticienne en approche neurocognitive &amp; comportementale, fondatrice de 90 Pour Cent<\/em>.<\/p>\n\n\n\n<div style=\"height:4px\" aria-hidden=\"true\" class=\"wp-block-spacer\"><\/div>\n\n\n\n<h3 class=\"wp-block-heading has-text-color has-link-color has-chivo-font-family has-large-font-size wp-elements-9b7a557f36797a05900fa1ecb6f7ab04\" style=\"color:#000026;font-style:normal;font-weight:600\">Cours en petit groupe sur demande<\/h3>\n\n\n\n<div class=\"wp-block-columns is-layout-flex wp-container-core-columns-is-layout-28f84493 wp-block-columns-is-layout-flex\">\n<div class=\"wp-block-column is-layout-flow wp-block-column-is-layout-flow\" style=\"flex-basis:50%\">\n<div class=\"wp-block-group has-global-padding is-layout-constrained wp-block-group-is-layout-constrained\">\n<figure class=\"wp-block-image size-large is-resized\"><img decoding=\"async\" src=\"https:\/\/www.inesm-coachinglyon.fr\/wp-content\/uploads\/2025\/05\/pexels-cottonbro-4327136-1.jpg?w=683\" alt=\"\" class=\"wp-image-119\" style=\"aspect-ratio:0.6669894122338342;width:248px;height:auto\" \/><\/figure>\n<\/div>\n<\/div>\n\n\n\n<div class=\"wp-block-column is-layout-flow wp-block-column-is-layout-flow\" style=\"flex-basis:80%\">\n<p>En \u00e9quipe sportive ou entre amis, je construis <strong>un cours enti\u00e8rement personnalis\u00e9 en fonction de vos objectifs<\/strong> :<\/p>\n\n\n\n<ul class=\"wp-block-list\">\n<li>Pr\u00e9paration physique collective<\/li>\n\n\n\n<li>Coh\u00e9sion d\u2019\u00e9quipe<\/li>\n\n\n\n<li>Etc<\/li>\n<\/ul>\n\n\n\n<p>Vous me donnez <strong>le th\u00e8me<\/strong>, je m\u2019occupe <strong>du contenu<\/strong>.<\/p>\n\n\n\n<div class=\"wp-block-buttons is-layout-flex wp-block-buttons-is-layout-flex\">\n<div class=\"wp-block-button\"><a class=\"wp-block-button__link has-background wp-element-button\" href=\"https:\/\/inesmokadempro.wordpress.com\/contact\/\" style=\"border-style:none;border-width:0px;border-radius:66px;background-color:#000226\">Demander un cours<\/a><\/div>\n<\/div>\n<\/div>\n<\/div>\n","protected":false},"excerpt":{"rendered":"<p>Bouger avec sens, progresser avec plaisir Avec plus de 12 ans d\u2019exp\u00e9rience dans le sport, j\u2019ai con\u00e7u des cours collectifs en petit groupe qui allient performance, conscience du corps et plaisir de bouger.Chaque s\u00e9ance est adapt\u00e9e au niveau, objectif et rythme de chacun. L\u2019id\u00e9e : faire progresser et aider \u00e0 se sentir plus fort, plus [&hellip;]<\/p>\n","protected":false},"author":1,"featured_media":0,"parent":0,"menu_order":0,"comment_status":"closed","ping_status":"closed","template":"","meta":{"footnotes":""},"class_list":["post-43","page","type-page","status-publish","hentry"],"_links":{"self":[{"href":"https:\/\/www.inesm-coachinglyon.fr\/index.php?rest_route=\/wp\/v2\/pages\/43","targetHints":{"allow":["GET"]}}],"collection":[{"href":"https:\/\/www.inesm-coachinglyon.fr\/index.php?rest_route=\/wp\/v2\/pages"}],"about":[{"href":"https:\/\/www.inesm-coachinglyon.fr\/index.php?rest_route=\/wp\/v2\/types\/page"}],"author":[{"embeddable":true,"href":"https:\/\/www.inesm-coachinglyon.fr\/index.php?rest_route=\/wp\/v2\/users\/1"}],"replies":[{"embeddable":true,"href":"https:\/\/www.inesm-coachinglyon.fr\/index.php?rest_route=%2Fwp%2Fv2%2Fcomments&post=43"}],"version-history":[{"count":0,"href":"https:\/\/www.inesm-coachinglyon.fr\/index.php?rest_route=\/wp\/v2\/pages\/43\/revisions"}],"wp:attachment":[{"href":"https:\/\/www.inesm-coachinglyon.fr\/index.php?rest_route=%2Fwp%2Fv2%2Fmedia&parent=43"}],"curies":[{"name":"wp","href":"https:\/\/api.w.org\/{rel}","templated":true}]}}