{"id":44,"date":"2025-05-20T00:16:14","date_gmt":"2025-05-19T22:16:14","guid":{"rendered":"https:\/\/inesmokadempro.wordpress.com\/?page_id=44"},"modified":"2025-05-20T00:16:14","modified_gmt":"2025-05-19T22:16:14","slug":"programme-sur-mesure","status":"publish","type":"page","link":"https:\/\/www.inesm-coachinglyon.fr\/?page_id=44","title":{"rendered":"Programme sur-mesure"},"content":{"rendered":"\n<div class=\"wp-block-group alignwide is-vertical is-content-justification-center is-layout-flex wp-container-core-group-is-layout-b6c1f246 wp-block-group-is-layout-flex\">\n<div class=\"wp-block-group is-vertical is-content-justification-center is-layout-flex wp-container-core-group-is-layout-b6c1f246 wp-block-group-is-layout-flex\">\n<p class=\"has-large-font-size\" style=\"font-style:normal;font-weight:700\">Des programmes 100 % personnalis\u00e9s, pens\u00e9s pour durer<\/p>\n\n\n\n<p class=\"has-text-align-center\" style=\"font-style:normal;font-weight:400\">Je propose 3 gammes de programmes o\u00f9 tu b\u00e9n\u00e9ficies d\u2019un accompagnement complet, adapt\u00e9 \u00e0 ton rythme, ton niveau, ton emploi du temps et ta motivation<br><strong>Tous les programmes durent 3 mois minimum<\/strong> et incluent :<\/p>\n\n\n\n<p class=\"has-text-align-left\" style=\"font-style:normal;font-weight:400\">\ud83d\udd39 Un <strong>bilan initial complet<\/strong> pour cerner tes objectifs, contraintes et ant\u00e9c\u00e9dents<br>\ud83d\udd39 Un <strong>programme 100 % sur mesure<\/strong>, \u00e9volutif et r\u00e9adapt\u00e9 \u00e0 chaque point de suivi<br>\ud83d\udd39 Un travail cibl\u00e9 en fonction de ton <strong>rythme, de ta disponibilit\u00e9 et de ta progression<\/strong><br>\ud83d\udd39 Un <strong>suivi constant<\/strong> (digital ou en physique selon la gamme choisie)<br>\ud83d\udd39 Un <strong>accompagnement humain<\/strong>, pour que tu ne reste jamais seul dans ton \u00e9volution<br><br><\/p>\n<\/div>\n<\/div>\n\n\n\n<div class=\"wp-block-group alignwide has-background is-vertical is-content-justification-center is-layout-flex wp-container-core-group-is-layout-67683d87 wp-block-group-is-layout-flex\" style=\"background-color:#00002614;margin-top:0;margin-bottom:0;padding-top:var(--wp--preset--spacing--40);padding-right:var(--wp--preset--spacing--20);padding-bottom:var(--wp--preset--spacing--40);padding-left:var(--wp--preset--spacing--20)\">\n<p style=\"font-size:clamp(25.5px, 1.594rem + ((1vw - 3.2px) * 1.563), 43px);font-style:normal;font-weight:700;line-height:1\">DIGITAL<\/p>\n\n\n\n<p style=\"line-height:1.1\">Programme 100 % sur-mesure et \u00e0 distance <\/p>\n\n\n\n<div class=\"wp-block-columns is-layout-flex wp-container-core-columns-is-layout-28f84493 wp-block-columns-is-layout-flex\">\n<div class=\"wp-block-column is-vertically-aligned-center has-global-padding is-layout-constrained wp-container-core-column-is-layout-e0082cf6 wp-block-column-is-layout-constrained\" style=\"flex-basis:33%\">\n<div style=\"height:15px\" aria-hidden=\"true\" class=\"wp-block-spacer\"><\/div>\n\n\n\n<div class=\"wp-block-group is-vertical is-content-justification-center is-layout-flex wp-container-core-group-is-layout-b6c1f246 wp-block-group-is-layout-flex\">\n<p class=\"has-text-align-center has-large-font-size\" style=\"font-style:italic;font-weight:700\"><strong><em>1 s\u00e9ance par semaine<\/em><\/strong><\/p>\n\n\n\n<ul class=\"wp-block-list\">\n<li>Programme sur mesure sur application<\/li>\n\n\n\n<li>1\/2 appel par mois<\/li>\n\n\n\n<li>Suivi message &amp; vid\u00e9o 6\/7<\/li>\n<\/ul>\n<\/div>\n\n\n\n<div class=\"wp-block-columns are-vertically-aligned-center is-layout-flex wp-container-core-columns-is-layout-28f84493 wp-block-columns-is-layout-flex\" style=\"font-style:normal;font-weight:600\">\n<div class=\"wp-block-column is-vertically-aligned-center is-layout-flow wp-block-column-is-layout-flow\" style=\"flex-basis:100%\">\n<div class=\"wp-block-columns is-layout-flex wp-container-core-columns-is-layout-28f84493 wp-block-columns-is-layout-flex\">\n<div class=\"wp-block-column is-layout-flow wp-block-column-is-layout-flow\" style=\"flex-basis:100%\">\n<p class=\"has-text-align-center has-large-font-size\" style=\"font-style:normal;font-weight:600\">70<sup>\u20ac\/mois<\/sup><\/p>\n<\/div>\n<\/div>\n<\/div>\n<\/div>\n\n\n\n<div class=\"wp-block-buttons is-content-justification-center is-layout-flex wp-container-core-buttons-is-layout-a89b3969 wp-block-buttons-is-layout-flex\">\n<div class=\"wp-block-button is-style-outline is-style-outline--1\"><a class=\"wp-block-button__link has-theme-1-color has-text-color has-background has-link-color wp-element-button\" href=\"https:\/\/buy.stripe.com\/dRm3cw1CU00z2o7gt77Re0g\" style=\"border-radius:100px;background-color:#000026\">Je le veux<\/a><\/div>\n<\/div>\n\n\n\n<p class=\"has-text-align-center has-custom-1-font-size\" style=\"line-height:0\"><em><a href=\"https:\/\/buy.stripe.com\/dRmcN6gxObJhfaT4Kp7Re0h\">je paie en 1 fois<\/a><\/em><br><\/p>\n\n\n\n<p class=\"has-text-align-center\" style=\"line-height:0\"><br><\/p>\n<\/div>\n\n\n\n<div class=\"wp-block-column is-vertically-aligned-top has-global-padding is-layout-constrained wp-block-column-is-layout-constrained\" style=\"flex-basis:33%\">\n<div style=\"height:15px\" aria-hidden=\"true\" class=\"wp-block-spacer\"><\/div>\n\n\n\n<div class=\"wp-block-group is-vertical is-content-justification-center is-layout-flex wp-container-core-group-is-layout-b6c1f246 wp-block-group-is-layout-flex\">\n<p class=\"has-text-align-center has-large-font-size\" style=\"font-style:italic;font-weight:700\"><strong><em>2 s\u00e9ances par semaine<\/em><\/strong><\/p>\n\n\n\n<ul class=\"wp-block-list\">\n<li>Programme sur mesure sur application<\/li>\n\n\n\n<li>1\/2 appel par mois<\/li>\n\n\n\n<li>Suivi message &amp; vid\u00e9o 6\/7<\/li>\n<\/ul>\n<\/div>\n\n\n\n<p class=\"has-text-align-center has-large-font-size\" style=\"font-style:normal;font-weight:600\">80<sup>\u20ac\/mois<\/sup><\/p>\n\n\n\n<div class=\"wp-block-buttons is-content-justification-center is-layout-flex wp-container-core-buttons-is-layout-a89b3969 wp-block-buttons-is-layout-flex\">\n<div class=\"wp-block-button is-style-outline is-style-outline--2\"><a class=\"wp-block-button__link has-theme-1-color has-text-color has-background has-link-color wp-element-button\" href=\"https:\/\/buy.stripe.com\/fZubJ2epG3cLbYH90F7Re0i\" style=\"border-radius:100px;background-color:#000026\">Je le veux<\/a><\/div>\n<\/div>\n\n\n\n<p class=\"has-text-align-center has-custom-1-font-size\" style=\"line-height:0\"><em><a href=\"https:\/\/buy.stripe.com\/00wbJ2a9qdRpgeXekZ7Re0j\">je paie en 1 fois<\/a><\/em><\/p>\n<\/div>\n\n\n\n<div class=\"wp-block-column is-vertically-aligned-top is-layout-flow wp-block-column-is-layout-flow\" style=\"flex-basis:33%\">\n<div style=\"height:15px\" aria-hidden=\"true\" class=\"wp-block-spacer\"><\/div>\n\n\n\n<div class=\"wp-block-group is-vertical is-content-justification-center is-layout-flex wp-container-core-group-is-layout-ce155fab wp-block-group-is-layout-flex\">\n<div class=\"wp-block-group is-vertical is-content-justification-center is-layout-flex wp-container-core-group-is-layout-b6c1f246 wp-block-group-is-layout-flex\">\n<p class=\"has-text-align-center has-large-font-size\" style=\"font-style:italic;font-weight:700\"><strong><em>3 s\u00e9ances par semaine<\/em><\/strong><\/p>\n\n\n\n<ul class=\"wp-block-list\">\n<li>Programme sur mesure sur application <\/li>\n\n\n\n<li>1\/2 appel par mois<\/li>\n\n\n\n<li>Suivi message &amp; vid\u00e9o 6\/7<\/li>\n<\/ul>\n<\/div>\n<\/div>\n\n\n\n<p class=\"has-text-align-center has-large-font-size\" style=\"font-style:normal;font-weight:600\">90<sup>\u20ac\/mois<\/sup><\/p>\n\n\n\n<div class=\"wp-block-buttons is-content-justification-center is-layout-flex wp-container-core-buttons-is-layout-a89b3969 wp-block-buttons-is-layout-flex\">\n<div class=\"wp-block-button is-style-outline is-style-outline--3\"><a class=\"wp-block-button__link has-theme-1-color has-text-color has-background has-link-color wp-element-button\" href=\"https:\/\/buy.stripe.com\/cNidRa6Xe5kT4wfccR7Re0k\" style=\"border-radius:100px;background-color:#000026\">je le veux<\/a><\/div>\n<\/div>\n\n\n\n<p class=\"has-text-align-center has-custom-1-font-size\" style=\"line-height:0\"><em><a href=\"https:\/\/buy.stripe.com\/bJefZi95m14D2o77WB7Re0l\">je paie en 1 fois<\/a><\/em><\/p>\n<\/div>\n<\/div>\n<\/div>\n\n\n\n<div style=\"height:10px\" aria-hidden=\"true\" class=\"wp-block-spacer\"><\/div>\n\n\n\n<div class=\"wp-block-group alignwide has-background is-vertical is-content-justification-center is-layout-flex wp-container-core-group-is-layout-c93561cd wp-block-group-is-layout-flex\" style=\"background-color:#00002614;margin-top:var(--wp--preset--spacing--30);margin-bottom:var(--wp--preset--spacing--30);padding-top:var(--wp--preset--spacing--40);padding-right:var(--wp--preset--spacing--20);padding-bottom:var(--wp--preset--spacing--40);padding-left:var(--wp--preset--spacing--20)\">\n<div class=\"wp-block-group is-vertical is-content-justification-center is-layout-flex wp-container-core-group-is-layout-b6c1f246 wp-block-group-is-layout-flex\">\n<p class=\"has-text-align-center\" style=\"font-size:clamp(25.5px, 1.594rem + ((1vw - 3.2px) * 1.563), 43px);font-style:normal;font-weight:700;line-height:1\">AUTONOMIE<\/p>\n\n\n\n<p class=\"has-text-align-center\" style=\"line-height:1.5\">Programme 100 % sur-mesure r\u00e9adapt\u00e9 lors d\u2019un <strong>rendez-vous physique mensuel<\/strong><\/p>\n<\/div>\n\n\n\n<div class=\"wp-block-columns is-layout-flex wp-container-core-columns-is-layout-28f84493 wp-block-columns-is-layout-flex\">\n<div class=\"wp-block-column is-layout-flow wp-block-column-is-layout-flow\">\n<div style=\"height:16px\" aria-hidden=\"true\" class=\"wp-block-spacer\"><\/div>\n\n\n\n<div class=\"wp-block-group is-vertical is-content-justification-center is-layout-flex wp-container-core-group-is-layout-ce155fab wp-block-group-is-layout-flex\">\n<p class=\"has-text-align-center has-large-font-size\" style=\"font-style:italic;font-weight:700;line-height:1.3\"><strong><em>1 s\u00e9ance par semaine<\/em><\/strong> <br>+ 1 coaching par mois<\/p>\n\n\n\n<ul class=\"wp-block-list\">\n<li>Programme sur mesure sur application<\/li>\n\n\n\n<li>1 coaching priv\u00e9 par mois<\/li>\n\n\n\n<li>Suivi message &amp; vid\u00e9o 6\/7<\/li>\n<\/ul>\n<\/div>\n\n\n\n<p class=\"has-text-align-center has-large-font-size\" style=\"font-style:normal;font-weight:600\">90<sup>\u20ac\/mois<\/sup><\/p>\n\n\n\n<div class=\"wp-block-buttons is-content-justification-center is-layout-flex wp-container-core-buttons-is-layout-a89b3969 wp-block-buttons-is-layout-flex\">\n<div class=\"wp-block-button is-style-outline is-style-outline--4\"><a class=\"wp-block-button__link has-theme-1-color has-text-color has-background has-link-color wp-element-button\" href=\"https:\/\/buy.stripe.com\/14A8wQ4P6aFdgeXdgV7Re09\" style=\"border-radius:39px;background-color:#000026\">Je le veux<\/a><\/div>\n<\/div>\n\n\n\n<p class=\"has-text-align-center has-custom-1-font-size\" style=\"line-height:0\"><em><a href=\"https:\/\/buy.stripe.com\/14A28s0yQ5kT9Qza4J7Re0a\">je paie en 1 fois<\/a><\/em><\/p>\n<\/div>\n\n\n\n<div class=\"wp-block-column is-layout-flow wp-block-column-is-layout-flow\">\n<div style=\"height:16px\" aria-hidden=\"true\" class=\"wp-block-spacer\"><\/div>\n\n\n\n<div class=\"wp-block-group is-vertical is-content-justification-center is-layout-flex wp-container-core-group-is-layout-b6c1f246 wp-block-group-is-layout-flex\">\n<p class=\"has-text-align-center has-large-font-size\" style=\"font-style:italic;font-weight:700;line-height:1.3\"><strong><em>2 s\u00e9ances par semaine<\/em><\/strong> <br>+ 1 coaching par mois<\/p>\n\n\n\n<ul class=\"wp-block-list\">\n<li>Programme sur mesure sur application<\/li>\n\n\n\n<li>1 coaching priv\u00e9 par mois<\/li>\n\n\n\n<li>Suivi message &amp; vid\u00e9o 6\/7<\/li>\n<\/ul>\n<\/div>\n\n\n\n<p class=\"has-text-align-center has-large-font-size\" style=\"font-style:normal;font-weight:600\">110<sup>\u20ac\/mois<\/sup><\/p>\n\n\n\n<div class=\"wp-block-buttons is-content-justification-center is-layout-flex wp-container-core-buttons-is-layout-a89b3969 wp-block-buttons-is-layout-flex\">\n<div class=\"wp-block-button is-style-outline is-style-outline--5\"><a class=\"wp-block-button__link has-theme-1-color has-text-color has-background has-link-color wp-element-button\" href=\"https:\/\/buy.stripe.com\/4gM6oIchyfZxd2L6Sx7Re0b\" style=\"border-radius:100px;background-color:#000026\">Je le veux<\/a><\/div>\n<\/div>\n\n\n\n<p class=\"has-text-align-center has-custom-1-font-size\" style=\"line-height:0\"><em><a href=\"https:\/\/buy.stripe.com\/28EbJ21CU14D9Qza4J7Re0c\">je paie en 1 fois<\/a><\/em><\/p>\n<\/div>\n\n\n\n<div class=\"wp-block-column is-layout-flow wp-block-column-is-layout-flow\">\n<div style=\"height:16px\" aria-hidden=\"true\" class=\"wp-block-spacer\"><\/div>\n\n\n\n<div class=\"wp-block-group is-vertical is-content-justification-center is-layout-flex wp-container-core-group-is-layout-ce155fab wp-block-group-is-layout-flex\">\n<p class=\"has-text-align-center has-large-font-size\" style=\"font-style:italic;font-weight:700;line-height:1.3\"><strong><em>3 s\u00e9ances par semaine<\/em><\/strong> <br>+ 1 coaching par mois<\/p>\n\n\n\n<ul class=\"wp-block-list\">\n<li>Programme sur mesure sur application <\/li>\n\n\n\n<li>1 coaching priv\u00e9 par mois<\/li>\n\n\n\n<li>Suivi message &amp; vid\u00e9o 6\/7<\/li>\n<\/ul>\n<\/div>\n\n\n\n<p class=\"has-text-align-center has-large-font-size\" style=\"font-style:normal;font-weight:600\">130<sup>\u20ac\/mois<\/sup><\/p>\n\n\n\n<div class=\"wp-block-buttons is-content-justification-center is-layout-flex wp-container-core-buttons-is-layout-a89b3969 wp-block-buttons-is-layout-flex\">\n<div class=\"wp-block-button is-style-outline is-style-outline--6\"><a class=\"wp-block-button__link has-theme-1-color has-text-color has-background has-link-color wp-element-button\" href=\"https:\/\/buy.stripe.com\/28E3cw4P6cNl0fZ5Ot7Re0d\" style=\"border-radius:100px;background-color:#000026\">Je le veux<\/a><\/div>\n<\/div>\n\n\n\n<p class=\"has-text-align-center has-custom-1-font-size\" style=\"line-height:0\"><em><a href=\"https:\/\/buy.stripe.com\/cNidRa95mcNl5AjdgV7Re0e\">je paie en 1 fois<\/a><\/em><\/p>\n<\/div>\n<\/div>\n<\/div>\n\n\n\n<div style=\"height:9px\" aria-hidden=\"true\" class=\"wp-block-spacer\"><\/div>\n\n\n\n<div class=\"wp-block-group alignwide has-background is-vertical is-content-justification-center is-layout-flex wp-container-core-group-is-layout-8f495948 wp-block-group-is-layout-flex\" style=\"background-color:#00002614;padding-top:var(--wp--preset--spacing--30);padding-right:var(--wp--preset--spacing--20);padding-bottom:var(--wp--preset--spacing--30);padding-left:var(--wp--preset--spacing--20)\">\n<p style=\"font-size:clamp(25.5px, 1.594rem + ((1vw - 3.2px) * 1.563), 43px);font-style:normal;font-weight:700;line-height:1\">MOTIVATION<\/p>\n\n\n\n<p class=\"has-text-align-center\" style=\"line-height:1.1\">Programme 100% sur-mesure avec un <strong>rendez-vous physique tous les 15 jours<\/strong> pour rester motiv\u00e9<\/p>\n\n\n\n<div class=\"wp-block-columns is-layout-flex wp-container-core-columns-is-layout-28f84493 wp-block-columns-is-layout-flex\">\n<div class=\"wp-block-column is-layout-flow wp-block-column-is-layout-flow\">\n<div style=\"height:16px\" aria-hidden=\"true\" class=\"wp-block-spacer\"><\/div>\n\n\n\n<div class=\"wp-block-group is-vertical is-content-justification-center is-layout-flex wp-container-core-group-is-layout-ce155fab wp-block-group-is-layout-flex\">\n<p class=\"has-text-align-center has-large-font-size\" style=\"font-style:italic;font-weight:700;line-height:1.3\"><strong><em>1 s\u00e9ance par semaine<\/em><\/strong> <br>+ 2 coaching par mois<\/p>\n\n\n\n<ul class=\"wp-block-list\">\n<li>Programme sur mesure sur application<\/li>\n\n\n\n<li>2 coachings priv\u00e9s par mois<\/li>\n\n\n\n<li>Suivi message &amp; vid\u00e9o 6\/7<\/li>\n<\/ul>\n<\/div>\n\n\n\n<p class=\"has-text-align-center has-large-font-size\" style=\"font-style:normal;font-weight:600\">150<sup>\u20ac\/mois<\/sup><\/p>\n\n\n\n<div class=\"wp-block-buttons is-content-justification-center is-layout-flex wp-container-core-buttons-is-layout-a89b3969 wp-block-buttons-is-layout-flex\">\n<div class=\"wp-block-button is-style-outline is-style-outline--7\"><a class=\"wp-block-button__link has-theme-1-color has-text-color has-background has-link-color wp-element-button\" href=\"https:\/\/buy.stripe.com\/4gM9AU2GY4gP4wf0u97Re0m\" style=\"border-radius:39px;background-color:#000026\">Je le veux<\/a><\/div>\n<\/div>\n\n\n\n<p class=\"has-text-align-center has-custom-1-font-size\" style=\"line-height:0\"><em><a href=\"https:\/\/buy.stripe.com\/aFaaEYdlC6oXaUD7WB7Re0n\">je paie en 1 fois<\/a><\/em><\/p>\n<\/div>\n\n\n\n<div class=\"wp-block-column is-layout-flow wp-block-column-is-layout-flow\">\n<div style=\"height:16px\" aria-hidden=\"true\" class=\"wp-block-spacer\"><\/div>\n\n\n\n<div class=\"wp-block-group is-vertical is-content-justification-center is-layout-flex wp-container-core-group-is-layout-b6c1f246 wp-block-group-is-layout-flex\">\n<p class=\"has-text-align-center has-large-font-size\" style=\"font-style:italic;font-weight:700;line-height:1.3\"><strong><em>2 s\u00e9ances par semaine <\/em><\/strong><br><strong><em>+ 2 coachings par mois<\/em><\/strong><\/p>\n\n\n\n<ul class=\"wp-block-list\">\n<li>Programme sur mesure sur application<\/li>\n\n\n\n<li>2 coachings priv\u00e9s par mois<\/li>\n\n\n\n<li>Suivi message &amp; vid\u00e9o 6\/7<\/li>\n<\/ul>\n<\/div>\n\n\n\n<p class=\"has-text-align-center has-large-font-size\" style=\"font-style:normal;font-weight:600\">160<sup>\u20ac\/mois<\/sup><\/p>\n\n\n\n<div class=\"wp-block-buttons is-content-justification-center is-layout-flex wp-container-core-buttons-is-layout-a89b3969 wp-block-buttons-is-layout-flex\">\n<div class=\"wp-block-button is-style-outline is-style-outline--8\"><a class=\"wp-block-button__link has-theme-1-color has-text-color has-background has-link-color wp-element-button\" href=\"https:\/\/buy.stripe.com\/fZufZi4P63cL2o71yd7Re0o\" style=\"border-radius:100px;background-color:#000026\">Je le veux<\/a><\/div>\n<\/div>\n\n\n\n<p class=\"has-text-align-center has-custom-1-font-size\" style=\"line-height:0\"><em><a href=\"https:\/\/buy.stripe.com\/00waEYepGbJh0fZfp37Re0p\">je paie en 1 fois<\/a><\/em><\/p>\n<\/div>\n\n\n\n<div class=\"wp-block-column is-layout-flow wp-block-column-is-layout-flow\">\n<div style=\"height:16px\" aria-hidden=\"true\" class=\"wp-block-spacer\"><\/div>\n\n\n\n<div class=\"wp-block-group is-vertical is-content-justification-center is-layout-flex wp-container-core-group-is-layout-b6c1f246 wp-block-group-is-layout-flex\">\n<p class=\"has-text-align-center has-large-font-size\" style=\"font-style:italic;font-weight:700;line-height:1.3\"><strong><em>3 s\u00e9ances par semaine<\/em><\/strong> <br>+ 2 coachings par mois<\/p>\n\n\n\n<ul class=\"wp-block-list\">\n<li>Programme sur mesure sur application <\/li>\n\n\n\n<li>2 coachings priv\u00e9s par mois<\/li>\n\n\n\n<li>Suivi message &amp; vid\u00e9o 6\/7<\/li>\n<\/ul>\n<\/div>\n\n\n\n<p class=\"has-text-align-center has-large-font-size\" style=\"font-style:normal;font-weight:600\">170<sup>\u20ac\/mois<\/sup><\/p>\n\n\n\n<div class=\"wp-block-buttons is-content-justification-center is-layout-flex wp-container-core-buttons-is-layout-a89b3969 wp-block-buttons-is-layout-flex\">\n<div class=\"wp-block-button is-style-outline is-style-outline--9\"><a class=\"wp-block-button__link has-theme-1-color has-text-color has-background has-link-color wp-element-button\" href=\"https:\/\/buy.stripe.com\/dRm6oI5TafZx8MvdgV7Re0q\" style=\"border-radius:100px;background-color:#000026\">je le veux<\/a><\/div>\n<\/div>\n\n\n\n<p class=\"has-text-align-center has-custom-1-font-size\" style=\"line-height:0\"><em><a href=\"https:\/\/buy.stripe.com\/7sYeVeepG00z0fZ90F7Re0r\">je paie en 1 fois<\/a><\/em><\/p>\n<\/div>\n<\/div>\n<\/div>\n","protected":false},"excerpt":{"rendered":"<p>Des programmes 100 % personnalis\u00e9s, pens\u00e9s pour durer Je propose 3 gammes de programmes o\u00f9 tu b\u00e9n\u00e9ficies d\u2019un accompagnement complet, adapt\u00e9 \u00e0 ton rythme, ton niveau, ton emploi du temps et ta motivationTous les programmes durent 3 mois minimum et incluent : \ud83d\udd39 Un bilan initial complet pour cerner tes objectifs, contraintes et ant\u00e9c\u00e9dents\ud83d\udd39 Un [&hellip;]<\/p>\n","protected":false},"author":1,"featured_media":0,"parent":0,"menu_order":0,"comment_status":"closed","ping_status":"closed","template":"","meta":{"footnotes":""},"class_list":["post-44","page","type-page","status-publish","hentry"],"_links":{"self":[{"href":"https:\/\/www.inesm-coachinglyon.fr\/index.php?rest_route=\/wp\/v2\/pages\/44","targetHints":{"allow":["GET"]}}],"collection":[{"href":"https:\/\/www.inesm-coachinglyon.fr\/index.php?rest_route=\/wp\/v2\/pages"}],"about":[{"href":"https:\/\/www.inesm-coachinglyon.fr\/index.php?rest_route=\/wp\/v2\/types\/page"}],"author":[{"embeddable":true,"href":"https:\/\/www.inesm-coachinglyon.fr\/index.php?rest_route=\/wp\/v2\/users\/1"}],"replies":[{"embeddable":true,"href":"https:\/\/www.inesm-coachinglyon.fr\/index.php?rest_route=%2Fwp%2Fv2%2Fcomments&post=44"}],"version-history":[{"count":0,"href":"https:\/\/www.inesm-coachinglyon.fr\/index.php?rest_route=\/wp\/v2\/pages\/44\/revisions"}],"wp:attachment":[{"href":"https:\/\/www.inesm-coachinglyon.fr\/index.php?rest_route=%2Fwp%2Fv2%2Fmedia&parent=44"}],"curies":[{"name":"wp","href":"https:\/\/api.w.org\/{rel}","templated":true}]}}